{"id":169,"date":"2024-12-13T00:01:19","date_gmt":"2024-12-13T00:01:19","guid":{"rendered":"https:\/\/la-posada.es\/?page_id=169"},"modified":"2024-12-13T00:08:20","modified_gmt":"2024-12-13T00:08:20","slug":"sostenibilidad","status":"publish","type":"page","link":"https:\/\/la-posada.es\/index.php\/sostenibilidad\/","title":{"rendered":"Sostenibilidad"},"content":{"rendered":"\t\t<div data-elementor-type=\"wp-page\" data-elementor-id=\"169\" class=\"elementor elementor-169\" data-elementor-post-type=\"page\">\n\t\t\t\t<div class=\"elementor-element elementor-element-b7562cc e-flex e-con-boxed e-con e-parent\" data-id=\"b7562cc\" data-element_type=\"container\" data-settings=\"{&quot;background_background&quot;:&quot;classic&quot;}\">\n\t\t\t\t\t<div class=\"e-con-inner\">\n\t\t<div class=\"elementor-element elementor-element-c109e15 e-con-full e-flex e-con e-child\" data-id=\"c109e15\" data-element_type=\"container\">\n\t\t\t\t<div class=\"elementor-element elementor-element-ea85b13 elementor-widget elementor-widget-heading\" data-id=\"ea85b13\" data-element_type=\"widget\" data-widget_type=\"heading.default\">\n\t\t\t\t<div class=\"elementor-widget-container\">\n\t\t\t\t\t<h2 class=\"elementor-heading-title elementor-size-default\">Nuestro compromiso con el planeta<\/h2>\t\t\t\t<\/div>\n\t\t\t\t<\/div>\n\t\t\t\t<\/div>\n\t\t<div class=\"elementor-element elementor-element-470564d e-con-full e-flex e-con e-child\" data-id=\"470564d\" data-element_type=\"container\">\n\t\t\t\t<\/div>\n\t\t\t\t\t<\/div>\n\t\t\t\t<\/div>\n\t\t<div class=\"elementor-element elementor-element-41bccc4 e-flex e-con-boxed e-con e-parent\" data-id=\"41bccc4\" data-element_type=\"container\">\n\t\t\t\t\t<div class=\"e-con-inner\">\n\t\t<div class=\"elementor-element elementor-element-86951dc e-con-full e-flex e-con e-child\" data-id=\"86951dc\" data-element_type=\"container\">\n\t\t\t\t<div class=\"elementor-element elementor-element-e295264 elementor-widget elementor-widget-heading\" data-id=\"e295264\" data-element_type=\"widget\" data-widget_type=\"heading.default\">\n\t\t\t\t<div class=\"elementor-widget-container\">\n\t\t\t\t\t<h2 class=\"elementor-heading-title elementor-size-default\">NUESTRO COMPROMISO<\/h2>\t\t\t\t<\/div>\n\t\t\t\t<\/div>\n\t\t\t\t<div class=\"elementor-element elementor-element-7a97323 elementor-widget elementor-widget-heading\" data-id=\"7a97323\" data-element_type=\"widget\" data-widget_type=\"heading.default\">\n\t\t\t\t<div class=\"elementor-widget-container\">\n\t\t\t\t\t<h3 class=\"elementor-heading-title elementor-size-default\">M\u00c1S QUE UNA META<\/h3>\t\t\t\t<\/div>\n\t\t\t\t<\/div>\n\t\t\t\t<div class=\"elementor-element elementor-element-4a340ba elementor-widget elementor-widget-text-editor\" data-id=\"4a340ba\" data-element_type=\"widget\" data-widget_type=\"text-editor.default\">\n\t\t\t\t<div class=\"elementor-widget-container\">\n\t\t\t\t\t\t\t\t\t<p>En La Posada, la sostenibilidad es m\u00e1s que una meta: es nuestra forma de entender el presente y proyectar el futuro.<\/p><p><span style=\"color: var( --e-global-color-text ); font-family: var( --e-global-typography-text-font-family ), Sans-serif; font-weight: var( --e-global-typography-text-font-weight ); text-align: var(--text-align); font-size: var(--bodyfontsize); letter-spacing: var(--bodyletterspacing); text-transform: var(--bodytexttransform);\">\u2028Nos esforzamos cada d\u00eda en reducir nuestra huella de carbono, desarrollando acciones concretas que nos permitan cumplir con nuestro compromiso con el medio ambiente y las generaciones futuras.<\/span><\/p>\t\t\t\t\t\t\t\t<\/div>\n\t\t\t\t<\/div>\n\t\t\t\t<\/div>\n\t\t<div class=\"elementor-element elementor-element-0ab97e7 e-con-full e-flex e-con e-child\" data-id=\"0ab97e7\" data-element_type=\"container\">\n\t\t\t\t<\/div>\n\t\t<div class=\"elementor-element elementor-element-d79d132 e-con-full e-flex e-con e-child\" data-id=\"d79d132\" data-element_type=\"container\">\n\t\t\t\t<div class=\"elementor-element elementor-element-256587f elementor-widget elementor-widget-image\" data-id=\"256587f\" data-element_type=\"widget\" data-widget_type=\"image.default\">\n\t\t\t\t<div class=\"elementor-widget-container\">\n\t\t\t\t\t\t\t\t\t\t\t\t\t\t\t<img fetchpriority=\"high\" decoding=\"async\" width=\"1200\" height=\"800\" src=\"https:\/\/la-posada.es\/wp-content\/uploads\/2024\/12\/img_cocina_01.jpg\" class=\"attachment-full size-full wp-image-138\" alt=\"\" srcset=\"https:\/\/la-posada.es\/wp-content\/uploads\/2024\/12\/img_cocina_01.jpg 1200w, https:\/\/la-posada.es\/wp-content\/uploads\/2024\/12\/img_cocina_01-300x200.jpg 300w, https:\/\/la-posada.es\/wp-content\/uploads\/2024\/12\/img_cocina_01-1024x683.jpg 1024w, https:\/\/la-posada.es\/wp-content\/uploads\/2024\/12\/img_cocina_01-768x512.jpg 768w, https:\/\/la-posada.es\/wp-content\/uploads\/2024\/12\/img_cocina_01-930x620.jpg 930w\" sizes=\"(max-width: 1200px) 100vw, 1200px\" \/>\t\t\t\t\t\t\t\t\t\t\t\t\t\t\t<\/div>\n\t\t\t\t<\/div>\n\t\t\t\t<\/div>\n\t\t\t\t\t<\/div>\n\t\t\t\t<\/div>\n\t\t<div class=\"elementor-element elementor-element-b4b2fe3 e-flex e-con-boxed e-con e-parent\" data-id=\"b4b2fe3\" data-element_type=\"container\">\n\t\t\t\t\t<div class=\"e-con-inner\">\n\t\t<div class=\"elementor-element elementor-element-676e700 e-con-full e-flex e-con e-child\" data-id=\"676e700\" data-element_type=\"container\">\n\t\t\t\t<div class=\"elementor-element elementor-element-7dad843 elementor-widget elementor-widget-image\" data-id=\"7dad843\" data-element_type=\"widget\" data-widget_type=\"image.default\">\n\t\t\t\t<div class=\"elementor-widget-container\">\n\t\t\t\t\t\t\t\t\t\t\t\t\t\t\t<img fetchpriority=\"high\" decoding=\"async\" width=\"1200\" height=\"800\" src=\"https:\/\/la-posada.es\/wp-content\/uploads\/2024\/12\/img_cocina_01.jpg\" class=\"attachment-full size-full wp-image-138\" alt=\"\" srcset=\"https:\/\/la-posada.es\/wp-content\/uploads\/2024\/12\/img_cocina_01.jpg 1200w, https:\/\/la-posada.es\/wp-content\/uploads\/2024\/12\/img_cocina_01-300x200.jpg 300w, https:\/\/la-posada.es\/wp-content\/uploads\/2024\/12\/img_cocina_01-1024x683.jpg 1024w, https:\/\/la-posada.es\/wp-content\/uploads\/2024\/12\/img_cocina_01-768x512.jpg 768w, https:\/\/la-posada.es\/wp-content\/uploads\/2024\/12\/img_cocina_01-930x620.jpg 930w\" sizes=\"(max-width: 1200px) 100vw, 1200px\" \/>\t\t\t\t\t\t\t\t\t\t\t\t\t\t\t<\/div>\n\t\t\t\t<\/div>\n\t\t\t\t<\/div>\n\t\t<div class=\"elementor-element elementor-element-00ff82b e-con-full e-flex e-con e-child\" data-id=\"00ff82b\" data-element_type=\"container\">\n\t\t\t\t<\/div>\n\t\t<div class=\"elementor-element elementor-element-35e3e68 e-con-full e-flex e-con e-child\" data-id=\"35e3e68\" data-element_type=\"container\">\n\t\t\t\t<div class=\"elementor-element elementor-element-3b247cc elementor-widget elementor-widget-heading\" data-id=\"3b247cc\" data-element_type=\"widget\" data-widget_type=\"heading.default\">\n\t\t\t\t<div class=\"elementor-widget-container\">\n\t\t\t\t\t<h3 class=\"elementor-heading-title elementor-size-default\">NUESTRAS ACCIONES\u2028POR LA SOSTENIBILIDAD<\/h3>\t\t\t\t<\/div>\n\t\t\t\t<\/div>\n\t\t\t\t<div class=\"elementor-element elementor-element-63c0126 elementor-widget elementor-widget-text-editor\" data-id=\"63c0126\" data-element_type=\"widget\" data-widget_type=\"text-editor.default\">\n\t\t\t\t<div class=\"elementor-widget-container\">\n\t\t\t\t\t\t\t\t\t<p><span style=\"color: #ccc529;\"><strong>Materiales reciclados:<\/strong><\/span> Apostamos por pl\u00e1sticos reciclados para reducir el uso de materiales nuevos.<\/p><p><span style=\"color: #ccc529;\"><strong>Energ\u00eda eficiente:<\/strong><\/span> Nuestra caldera funciona con pellets, una fuente renovable y ecol\u00f3gica.<\/p><p><strong><span style=\"color: #ccc529;\">Programa integral de reciclaje:<\/span><\/strong> Gestionamos responsablemente cart\u00f3n, pl\u00e1stico, qu\u00edmicos y aceite.<\/p><p><span style=\"color: #ccc529;\"><strong>Reaprovechamiento de residuos vegetales:<\/strong> <\/span>Lo que no usamos, alimenta a los animales, cerrando el ciclo natural.<\/p><p><span style=\"color: #ccc529;\"><strong>Agricultura responsable:<\/strong><\/span> Colaboramos con agricultores comprometidos con buenas pr\u00e1cticas de cultivo.<\/p><p><span style=\"color: #ccc529;\"><strong>Innovaci\u00f3n sostenible:<\/strong> <\/span>Nuestro I+D+i est\u00e1 enfocado en crear productos que contribuyan a un planeta m\u00e1s saludable.<\/p>\t\t\t\t\t\t\t\t<\/div>\n\t\t\t\t<\/div>\n\t\t\t\t<\/div>\n\t\t\t\t\t<\/div>\n\t\t\t\t<\/div>\n\t\t\t\t<\/div>\n\t\t","protected":false},"excerpt":{"rendered":"<p>Nuestro compromiso con el planeta NUESTRO COMPROMISO M\u00c1S QUE UNA META En La Posada, la sostenibilidad es m\u00e1s que una meta: es nuestra forma de entender el presente y proyectar el futuro. \u2028Nos esforzamos cada d\u00eda en reducir nuestra huella de carbono, desarrollando acciones concretas que nos permitan cumplir con nuestro compromiso con el medio&hellip;&nbsp;<a href=\"https:\/\/la-posada.es\/index.php\/sostenibilidad\/\" rel=\"bookmark\">Leer m\u00e1s &raquo;<span class=\"screen-reader-text\">Sostenibilidad<\/span><\/a><\/p>\n","protected":false},"author":1,"featured_media":0,"parent":0,"menu_order":0,"comment_status":"closed","ping_status":"closed","template":"page-templates\/template-pagebuilder-full-width.php","meta":{"neve_meta_sidebar":"","neve_meta_container":"","neve_meta_enable_content_width":"","neve_meta_content_width":0,"neve_meta_title_alignment":"","neve_meta_author_avatar":"","neve_post_elements_order":"","neve_meta_disable_header":"","neve_meta_disable_footer":"","neve_meta_disable_title":"","footnotes":""},"class_list":["post-169","page","type-page","status-publish","hentry"],"_links":{"self":[{"href":"https:\/\/la-posada.es\/index.php\/wp-json\/wp\/v2\/pages\/169","targetHints":{"allow":["GET"]}}],"collection":[{"href":"https:\/\/la-posada.es\/index.php\/wp-json\/wp\/v2\/pages"}],"about":[{"href":"https:\/\/la-posada.es\/index.php\/wp-json\/wp\/v2\/types\/page"}],"author":[{"embeddable":true,"href":"https:\/\/la-posada.es\/index.php\/wp-json\/wp\/v2\/users\/1"}],"replies":[{"embeddable":true,"href":"https:\/\/la-posada.es\/index.php\/wp-json\/wp\/v2\/comments?post=169"}],"version-history":[{"count":4,"href":"https:\/\/la-posada.es\/index.php\/wp-json\/wp\/v2\/pages\/169\/revisions"}],"predecessor-version":[{"id":175,"href":"https:\/\/la-posada.es\/index.php\/wp-json\/wp\/v2\/pages\/169\/revisions\/175"}],"wp:attachment":[{"href":"https:\/\/la-posada.es\/index.php\/wp-json\/wp\/v2\/media?parent=169"}],"curies":[{"name":"wp","href":"https:\/\/api.w.org\/{rel}","templated":true}]}}