{"id":120,"date":"2024-12-12T22:04:23","date_gmt":"2024-12-12T22:04:23","guid":{"rendered":"https:\/\/la-posada.es\/?page_id=120"},"modified":"2024-12-12T23:40:09","modified_gmt":"2024-12-12T23:40:09","slug":"conocenos","status":"publish","type":"page","link":"https:\/\/la-posada.es\/index.php\/conocenos\/","title":{"rendered":"Con\u00f3cenos"},"content":{"rendered":"\t\t<div data-elementor-type=\"wp-page\" data-elementor-id=\"120\" class=\"elementor elementor-120\" data-elementor-post-type=\"page\">\n\t\t\t\t<div class=\"elementor-element elementor-element-e2c8c28 e-flex e-con-boxed e-con e-parent\" data-id=\"e2c8c28\" data-element_type=\"container\" data-settings=\"{&quot;background_background&quot;:&quot;classic&quot;}\">\n\t\t\t\t\t<div class=\"e-con-inner\">\n\t\t<div class=\"elementor-element elementor-element-72addb3 e-con-full e-flex e-con e-child\" data-id=\"72addb3\" data-element_type=\"container\">\n\t\t\t\t<div class=\"elementor-element elementor-element-fe51b7f elementor-widget elementor-widget-heading\" data-id=\"fe51b7f\" data-element_type=\"widget\" data-widget_type=\"heading.default\">\n\t\t\t\t<div class=\"elementor-widget-container\">\n\t\t\t\t\t<h2 class=\"elementor-heading-title elementor-size-default\">Personas dedicadas a cuidar de ti<\/h2>\t\t\t\t<\/div>\n\t\t\t\t<\/div>\n\t\t\t\t<\/div>\n\t\t<div class=\"elementor-element elementor-element-6a50e3d e-con-full e-flex e-con e-child\" data-id=\"6a50e3d\" data-element_type=\"container\">\n\t\t\t\t<\/div>\n\t\t\t\t\t<\/div>\n\t\t\t\t<\/div>\n\t\t<div class=\"elementor-element elementor-element-198b804 e-flex e-con-boxed e-con e-parent\" data-id=\"198b804\" data-element_type=\"container\">\n\t\t\t\t\t<div class=\"e-con-inner\">\n\t\t<div class=\"elementor-element elementor-element-95ee608 e-con-full e-flex e-con e-child\" data-id=\"95ee608\" data-element_type=\"container\">\n\t\t\t\t<div class=\"elementor-element elementor-element-20c2ed6 elementor-widget elementor-widget-heading\" data-id=\"20c2ed6\" data-element_type=\"widget\" data-widget_type=\"heading.default\">\n\t\t\t\t<div class=\"elementor-widget-container\">\n\t\t\t\t\t<h2 class=\"elementor-heading-title elementor-size-default\">\u00bfQUI\u00c9NES SOMOS?<\/h2>\t\t\t\t<\/div>\n\t\t\t\t<\/div>\n\t\t\t\t<div class=\"elementor-element elementor-element-83d3c92 elementor-widget elementor-widget-heading\" data-id=\"83d3c92\" data-element_type=\"widget\" data-widget_type=\"heading.default\">\n\t\t\t\t<div class=\"elementor-widget-container\">\n\t\t\t\t\t<h3 class=\"elementor-heading-title elementor-size-default\">ORIGEN Y EVOLUCION<\/h3>\t\t\t\t<\/div>\n\t\t\t\t<\/div>\n\t\t\t\t<div class=\"elementor-element elementor-element-9a0a5ff elementor-widget elementor-widget-text-editor\" data-id=\"9a0a5ff\" data-element_type=\"widget\" data-widget_type=\"text-editor.default\">\n\t\t\t\t<div class=\"elementor-widget-container\">\n\t\t\t\t\t\t\t\t\t<p>Desde su creaci\u00f3n en 2008, Cocina Sana ha fabricado m\u00e1s de 12 millones de tarrinas de tomate rallado en sus instalaciones.<\/p><p>Actualmente, estamos inmersos en un proceso de innovaci\u00f3n para optimizar nuestros m\u00e9todos de producci\u00f3n, ampliar nuestra gama de productos y perfeccionar las recetas. La calidad de nuestros productos es el resultado de una rigurosa selecci\u00f3n de las mejores materias primas de nuestra tierra.<\/p>\t\t\t\t\t\t\t\t<\/div>\n\t\t\t\t<\/div>\n\t\t\t\t<\/div>\n\t\t<div class=\"elementor-element elementor-element-1c88f57 e-con-full e-flex e-con e-child\" data-id=\"1c88f57\" data-element_type=\"container\">\n\t\t\t\t<\/div>\n\t\t<div class=\"elementor-element elementor-element-47c84e0 e-con-full e-flex e-con e-child\" data-id=\"47c84e0\" data-element_type=\"container\">\n\t\t\t\t<div class=\"elementor-element elementor-element-290837d elementor-widget elementor-widget-image\" data-id=\"290837d\" data-element_type=\"widget\" data-widget_type=\"image.default\">\n\t\t\t\t<div class=\"elementor-widget-container\">\n\t\t\t\t\t\t\t\t\t\t\t\t\t\t\t<img fetchpriority=\"high\" decoding=\"async\" width=\"1024\" height=\"683\" src=\"https:\/\/la-posada.es\/wp-content\/uploads\/2024\/12\/img_cocina_01-1024x683.jpg\" class=\"attachment-large size-large wp-image-138\" alt=\"\" srcset=\"https:\/\/la-posada.es\/wp-content\/uploads\/2024\/12\/img_cocina_01-1024x683.jpg 1024w, https:\/\/la-posada.es\/wp-content\/uploads\/2024\/12\/img_cocina_01-300x200.jpg 300w, https:\/\/la-posada.es\/wp-content\/uploads\/2024\/12\/img_cocina_01-768x512.jpg 768w, https:\/\/la-posada.es\/wp-content\/uploads\/2024\/12\/img_cocina_01-930x620.jpg 930w, https:\/\/la-posada.es\/wp-content\/uploads\/2024\/12\/img_cocina_01.jpg 1200w\" sizes=\"(max-width: 1024px) 100vw, 1024px\" \/>\t\t\t\t\t\t\t\t\t\t\t\t\t\t\t<\/div>\n\t\t\t\t<\/div>\n\t\t\t\t<\/div>\n\t\t\t\t\t<\/div>\n\t\t\t\t<\/div>\n\t\t<div class=\"elementor-element elementor-element-4a52294 e-flex e-con-boxed e-con e-parent\" data-id=\"4a52294\" data-element_type=\"container\" data-settings=\"{&quot;background_background&quot;:&quot;classic&quot;}\">\n\t\t\t\t\t<div class=\"e-con-inner\">\n\t\t<div class=\"elementor-element elementor-element-527ac41 e-con-full e-flex e-con e-child\" data-id=\"527ac41\" data-element_type=\"container\" data-settings=\"{&quot;background_background&quot;:&quot;classic&quot;}\">\n\t\t<div class=\"elementor-element elementor-element-ef4cbaf e-con-full e-flex e-con e-child\" data-id=\"ef4cbaf\" data-element_type=\"container\" data-settings=\"{&quot;background_background&quot;:&quot;classic&quot;}\">\n\t\t\t\t<div class=\"elementor-element elementor-element-6af9646 elementor-widget elementor-widget-image\" data-id=\"6af9646\" data-element_type=\"widget\" data-widget_type=\"image.default\">\n\t\t\t\t<div class=\"elementor-widget-container\">\n\t\t\t\t\t\t\t\t\t\t\t\t\t\t\t<img decoding=\"async\" width=\"399\" height=\"95\" src=\"https:\/\/la-posada.es\/wp-content\/uploads\/2024\/12\/logo_posada_comidasama.svg\" class=\"attachment-large size-large wp-image-154\" alt=\"\" \/>\t\t\t\t\t\t\t\t\t\t\t\t\t\t\t<\/div>\n\t\t\t\t<\/div>\n\t\t\t\t<div class=\"elementor-element elementor-element-e8f62f5 elementor-widget elementor-widget-text-editor\" data-id=\"e8f62f5\" data-element_type=\"widget\" data-widget_type=\"text-editor.default\">\n\t\t\t\t<div class=\"elementor-widget-container\">\n\t\t\t\t\t\t\t\t\t<p>Descubre una experiencia culinaria que combina el respeto por el medio ambiente, la personalizaci\u00f3n y la excelencia en los procesos.<\/p>\t\t\t\t\t\t\t\t<\/div>\n\t\t\t\t<\/div>\n\t\t\t\t<\/div>\n\t\t\t\t<\/div>\n\t\t<div class=\"elementor-element elementor-element-36ec10b e-con-full e-flex e-con e-child\" data-id=\"36ec10b\" data-element_type=\"container\">\n\t\t\t\t<\/div>\n\t\t<div class=\"elementor-element elementor-element-994e85f e-con-full e-flex e-con e-child\" data-id=\"994e85f\" data-element_type=\"container\">\n\t\t<div class=\"elementor-element elementor-element-1a451e1 e-con-full e-flex e-con e-child\" data-id=\"1a451e1\" data-element_type=\"container\" data-settings=\"{&quot;background_background&quot;:&quot;classic&quot;}\">\n\t\t\t\t<div class=\"elementor-element elementor-element-11c24c6 elementor-widget elementor-widget-heading\" data-id=\"11c24c6\" data-element_type=\"widget\" data-widget_type=\"heading.default\">\n\t\t\t\t<div class=\"elementor-widget-container\">\n\t\t\t\t\t<h4 class=\"elementor-heading-title elementor-size-default\">SOSTENIBILIDAD Y PROTECCION DEL MEDIO AMBIENTE<\/h4>\t\t\t\t<\/div>\n\t\t\t\t<\/div>\n\t\t\t\t<\/div>\n\t\t\t\t<div class=\"elementor-element elementor-element-60be0c6 elementor-widget elementor-widget-text-editor\" data-id=\"60be0c6\" data-element_type=\"widget\" data-widget_type=\"text-editor.default\">\n\t\t\t\t<div class=\"elementor-widget-container\">\n\t\t\t\t\t\t\t\t\t<p>Nuestro compromiso con la sostenibilidad nos lleva a emplear pr\u00e1cticas responsables que minimizan nuestro impacto ambiental, respetando la naturaleza en cada paso.<\/p>\t\t\t\t\t\t\t\t<\/div>\n\t\t\t\t<\/div>\n\t\t<div class=\"elementor-element elementor-element-b3ed32c e-con-full e-flex e-con e-child\" data-id=\"b3ed32c\" data-element_type=\"container\" data-settings=\"{&quot;background_background&quot;:&quot;classic&quot;}\">\n\t\t\t\t<div class=\"elementor-element elementor-element-dde283c elementor-widget elementor-widget-heading\" data-id=\"dde283c\" data-element_type=\"widget\" data-widget_type=\"heading.default\">\n\t\t\t\t<div class=\"elementor-widget-container\">\n\t\t\t\t\t<h4 class=\"elementor-heading-title elementor-size-default\">NOS ADAPTAMOS A TI<\/h4>\t\t\t\t<\/div>\n\t\t\t\t<\/div>\n\t\t\t\t<\/div>\n\t\t\t\t<div class=\"elementor-element elementor-element-8f2fff6 elementor-widget elementor-widget-text-editor\" data-id=\"8f2fff6\" data-element_type=\"widget\" data-widget_type=\"text-editor.default\">\n\t\t\t\t<div class=\"elementor-widget-container\">\n\t\t\t\t\t\t\t\t\t<p><span style=\"white-space-collapse: preserve;\">En La Posada creamos soluciones a medida para garantizar tu satisfacci\u00f3n.<\/span><\/p>\t\t\t\t\t\t\t\t<\/div>\n\t\t\t\t<\/div>\n\t\t<div class=\"elementor-element elementor-element-bfd1a3a e-con-full e-flex e-con e-child\" data-id=\"bfd1a3a\" data-element_type=\"container\" data-settings=\"{&quot;background_background&quot;:&quot;classic&quot;}\">\n\t\t\t\t<div class=\"elementor-element elementor-element-8280eb4 elementor-widget elementor-widget-heading\" data-id=\"8280eb4\" data-element_type=\"widget\" data-widget_type=\"heading.default\">\n\t\t\t\t<div class=\"elementor-widget-container\">\n\t\t\t\t\t<h4 class=\"elementor-heading-title elementor-size-default\">MEJORA CONTINUA EN NUESTROS PROCESOS<\/h4>\t\t\t\t<\/div>\n\t\t\t\t<\/div>\n\t\t\t\t<\/div>\n\t\t\t\t<div class=\"elementor-element elementor-element-d43462a elementor-widget elementor-widget-text-editor\" data-id=\"d43462a\" data-element_type=\"widget\" data-widget_type=\"text-editor.default\">\n\t\t\t\t<div class=\"elementor-widget-container\">\n\t\t\t\t\t\t\t\t\t<p>Trabajamos d\u00eda a d\u00eda para perfeccionar nuestros m\u00e9todos, garantizando calidad y responsabilidad en nuestros servicios.<\/p>\t\t\t\t\t\t\t\t<\/div>\n\t\t\t\t<\/div>\n\t\t<div class=\"elementor-element elementor-element-63a4562 e-con-full e-flex e-con e-child\" data-id=\"63a4562\" data-element_type=\"container\" data-settings=\"{&quot;background_background&quot;:&quot;classic&quot;}\">\n\t\t\t\t<div class=\"elementor-element elementor-element-39c7e95 elementor-widget elementor-widget-heading\" data-id=\"39c7e95\" data-element_type=\"widget\" data-widget_type=\"heading.default\">\n\t\t\t\t<div class=\"elementor-widget-container\">\n\t\t\t\t\t<h4 class=\"elementor-heading-title elementor-size-default\">PROTOCOLOS DE CALIDAD<\/h4>\t\t\t\t<\/div>\n\t\t\t\t<\/div>\n\t\t\t\t<\/div>\n\t\t\t\t<div class=\"elementor-element elementor-element-84cef19 elementor-widget elementor-widget-text-editor\" data-id=\"84cef19\" data-element_type=\"widget\" data-widget_type=\"text-editor.default\">\n\t\t\t\t<div class=\"elementor-widget-container\">\n\t\t\t\t\t\t\t\t\t<p>Nos regimos por estrictos est\u00e1ndares internacionales y de producci\u00f3n ecol\u00f3gica, asegurando la calidad y seguridad de lo que ofrecemos.<\/p>\t\t\t\t\t\t\t\t<\/div>\n\t\t\t\t<\/div>\n\t\t\t\t<\/div>\n\t\t\t\t\t<\/div>\n\t\t\t\t<\/div>\n\t\t\t\t<\/div>\n\t\t","protected":false},"excerpt":{"rendered":"<p>Personas dedicadas a cuidar de ti \u00bfQUI\u00c9NES SOMOS? ORIGEN Y EVOLUCION Desde su creaci\u00f3n en 2008, Cocina Sana ha fabricado m\u00e1s de 12 millones de tarrinas de tomate rallado en sus instalaciones. Actualmente, estamos inmersos en un proceso de innovaci\u00f3n para optimizar nuestros m\u00e9todos de producci\u00f3n, ampliar nuestra gama de productos y perfeccionar las recetas.&hellip;&nbsp;<a href=\"https:\/\/la-posada.es\/index.php\/conocenos\/\" rel=\"bookmark\">Leer m\u00e1s &raquo;<span class=\"screen-reader-text\">Con\u00f3cenos<\/span><\/a><\/p>\n","protected":false},"author":1,"featured_media":0,"parent":0,"menu_order":0,"comment_status":"closed","ping_status":"closed","template":"page-templates\/template-pagebuilder-full-width.php","meta":{"neve_meta_sidebar":"","neve_meta_container":"","neve_meta_enable_content_width":"","neve_meta_content_width":0,"neve_meta_title_alignment":"","neve_meta_author_avatar":"","neve_post_elements_order":"","neve_meta_disable_header":"","neve_meta_disable_footer":"","neve_meta_disable_title":"","footnotes":""},"class_list":["post-120","page","type-page","status-publish","hentry"],"_links":{"self":[{"href":"https:\/\/la-posada.es\/index.php\/wp-json\/wp\/v2\/pages\/120","targetHints":{"allow":["GET"]}}],"collection":[{"href":"https:\/\/la-posada.es\/index.php\/wp-json\/wp\/v2\/pages"}],"about":[{"href":"https:\/\/la-posada.es\/index.php\/wp-json\/wp\/v2\/types\/page"}],"author":[{"embeddable":true,"href":"https:\/\/la-posada.es\/index.php\/wp-json\/wp\/v2\/users\/1"}],"replies":[{"embeddable":true,"href":"https:\/\/la-posada.es\/index.php\/wp-json\/wp\/v2\/comments?post=120"}],"version-history":[{"count":37,"href":"https:\/\/la-posada.es\/index.php\/wp-json\/wp\/v2\/pages\/120\/revisions"}],"predecessor-version":[{"id":166,"href":"https:\/\/la-posada.es\/index.php\/wp-json\/wp\/v2\/pages\/120\/revisions\/166"}],"wp:attachment":[{"href":"https:\/\/la-posada.es\/index.php\/wp-json\/wp\/v2\/media?parent=120"}],"curies":[{"name":"wp","href":"https:\/\/api.w.org\/{rel}","templated":true}]}}